{"id":78,"date":"2022-02-17T21:01:19","date_gmt":"2022-02-17T21:01:19","guid":{"rendered":"https:\/\/alevitentum.com\/?page_id=78"},"modified":"2022-03-29T01:10:47","modified_gmt":"2022-03-28T23:10:47","slug":"impressum","status":"publish","type":"page","link":"https:\/\/alevitentum.com\/?page_id=78","title":{"rendered":"Impressum"},"content":{"rendered":"<p>[et_pb_section fb_built=&#8220;1&#8243; _builder_version=&#8220;4.15.1&#8243; _module_preset=&#8220;default&#8220; global_colors_info=&#8220;{}&#8220;][et_pb_row _builder_version=&#8220;4.15.1&#8243; _module_preset=&#8220;default&#8220; global_colors_info=&#8220;{}&#8220;][et_pb_column type=&#8220;4_4&#8243; _builder_version=&#8220;4.15.1&#8243; _module_preset=&#8220;default&#8220; global_colors_info=&#8220;{}&#8220;][et_pb_text _builder_version=&#8220;4.15.1&#8243; _module_preset=&#8220;default&#8220; global_colors_info=&#8220;{}&#8220;]<\/p>\n<h2>IMPRESSUM<\/h2>\n<p>[\/et_pb_text][et_pb_text content_tablet=&#8220;<\/p>\n<p style=%22text-align: justify;%22>Das Impressum gilt f\u00fcr <a href=%22https:\/\/alevitentum.com%22><strong><em>https:\/\/alevitentum.com<\/em><\/strong><\/a><\/p>\n<p style=%22text-align: justify;%22><strong>Telefon:<\/strong> +49 30 000 00 000<\/p>\n<p style=%22text-align: justify;%22><strong>E-Mail:<\/strong> <a href=%22mailto:berlin@alevitentum.com%22>berlin@alevitentum.com<\/a><\/p>\n<p style=%22text-align: justify;%22>Verantwortliche f\u00fcr journalistisch-redaktionelle Inhalte iSd. \u00a7 55 II RStV Inhaber <strong>Mehmet \u015eeker.<\/strong><\/p>\n<p style=%22text-align: justify;%22><strong>Haftungshinweis <\/strong><\/p>\n<p style=%22text-align: justify;%22><em><a href=%22https:\/\/alevitentum.com%22>https:\/\/alevitentum.com<\/a> <\/em>\u00fcbernimmt keine Gew\u00e4hr f\u00fcr die Richtigkeit, Vollst\u00e4ndigkeit und Aktualit\u00e4t der auf dieser Website angebotenen Informationen. In keinem Fall wird f\u00fcr Sch\u00e4den, die sich aus der Nutzung oder Nichtnutzung dieser Website ergeben, eine Haftung \u00fcbernommen.<\/p>\n<p style=%22text-align: justify;%22>F\u00fcr alle auf dieser Website angebotenen externen Links, die auf fremde Websites zeigen, auf denen Inhalte angeboten werden, die von Dritten zu verantworten sind, wird keine Haftung bez\u00fcglich der Inhalte \u00fcbernommen.<\/p>\n<p style=%22text-align: justify;%22><a href=%22https:\/\/alevitentum.com%22><em>https:\/\/alevitentum.com <\/em><\/a>erkl\u00e4rt hiermit, keinerlei Einfluss auf die aktuelle und zuk\u00fcnftige Gestaltung, die Inhalte oder die Urheberschaft der verlinkten Seiten zu haben, distanziert sich hiermit ausdr\u00fccklich von s\u00e4mtlichen Inhalten aller auf unserer Website verlinkten Seiten, die nach der Linksetzung ver\u00e4ndert wurden und macht sich diese Inhalte in keinem Fall zu Eigen.<\/p>\n<p style=%22text-align: justify;%22>Wir sind dankbar f\u00fcr jeden Hinweis auf bedenkliche Inhalte von Seiten, auf die mittels Link von unserer Website aus verwiesen wird.<\/p>\n<p style=%22text-align: justify;%22><strong>Urheberrechtshinweis <\/strong><\/p>\n<p style=%22text-align: justify;%22>Alle Inhalte und Strukturen dieser Website sind urheber- und leistungsschutzrechtlich gesch\u00fctzt. Die Ver\u00f6ffentlichung im World Wide Web oder in sonstigen Diensten des Internet bedeutet noch keine Einverst\u00e4ndniserkl\u00e4rung f\u00fcr eine anderweitige Nutzung durch Dritte.<\/p>\n<p style=%22text-align: justify;%22>Alle innerhalb dieser Website genannten und ggf. durch Dritte gesch\u00fctzten Marken- und Warenzeichen unterliegen uneingeschr\u00e4nkt den Bestimmungen des jeweils g\u00fcltigen Kennzeichenrechts und den Besitzrechten der jeweiligen eingetragenen Eigent\u00fcmer.<\/p>\n<p style=%22text-align: justify;%22>Allein aufgrund der blo\u00dfen Nennung ist nicht der Schluss zu ziehen, dass Markenzeichen nicht durch Rechte Dritter gesch\u00fctzt sind.<\/p>\n<p style=%22text-align: justify;%22><a href=%22https:\/\/alevitentum.com%22><em>https:\/\/alevitentum.com<\/em><\/a> Alle Rechte vorbehalten.<\/p>\n<p>\u00a0<\/p>\n<p><!-- \/divi:paragraph --><\/p>\n<p><!-- divi:paragraph --><!-- \/divi:paragraph --><\/p>\n<p><!-- divi:paragraph --><!-- \/divi:paragraph --><\/p>\n<p><!-- divi:paragraph --><!-- \/divi:paragraph --><\/p>\n<p><!-- divi:paragraph --><!-- \/divi:paragraph --><\/p>\n<p><!-- divi:paragraph --><!-- \/divi:paragraph --><\/p>\n<p>\u00a0<\/p>\n<p>&#8220; content_phone=&#8220;<\/p>\n<p style=%22text-align: justify;%22>Das Impressum gilt f\u00fcr <a href=%22https:\/\/alevitentum.com%22><strong><em>https:\/\/alevitentum.com<\/em><\/strong><\/a><\/p>\n<p style=%22text-align: justify;%22><strong>Telefon:<\/strong> +49 30 000 00 000<\/p>\n<p style=%22text-align: justify;%22><strong>E-Mail:<\/strong> <a href=%22mailto:berlin@alevitentum.com%22>berlin@alevitentum.com<\/a><\/p>\n<p style=%22text-align: justify;%22>Verantwortliche f\u00fcr journalistisch-redaktionelle Inhalte iSd. \u00a7 55 II RStV Inhaber <strong>Mehmet \u015eeker.<\/strong><\/p>\n<p style=%22text-align: justify;%22><strong>Haftungshinweis <\/strong><\/p>\n<p style=%22text-align: justify;%22><em><a href=%22https:\/\/alevitentum.com%22>https:\/\/alevitentum.com<\/a> <\/em>\u00fcbernimmt keine Gew\u00e4hr f\u00fcr die Richtigkeit, Vollst\u00e4ndigkeit und Aktualit\u00e4t der auf dieser Website angebotenen Informationen. In keinem Fall wird f\u00fcr Sch\u00e4den, die sich aus der Nutzung oder Nichtnutzung dieser Website ergeben, eine Haftung \u00fcbernommen.<\/p>\n<p style=%22text-align: justify;%22>F\u00fcr alle auf dieser Website angebotenen externen Links, die auf fremde Websites zeigen, auf denen Inhalte angeboten werden, die von Dritten zu verantworten sind, wird keine Haftung bez\u00fcglich der Inhalte \u00fcbernommen.<\/p>\n<p style=%22text-align: justify;%22><a href=%22https:\/\/alevitentum.com%22><em>https:\/\/alevitentum.com <\/em><\/a>erkl\u00e4rt hiermit, keinerlei Einfluss auf die aktuelle und zuk\u00fcnftige Gestaltung, die Inhalte oder die Urheberschaft der verlinkten Seiten zu haben, distanziert sich hiermit ausdr\u00fccklich von s\u00e4mtlichen Inhalten aller auf unserer Website verlinkten Seiten, die nach der Linksetzung ver\u00e4ndert wurden und macht sich diese Inhalte in keinem Fall zu Eigen.<\/p>\n<p style=%22text-align: justify;%22>Wir sind dankbar f\u00fcr jeden Hinweis auf bedenkliche Inhalte von Seiten, auf die mittels Link von unserer Website aus verwiesen wird.<\/p>\n<p style=%22text-align: justify;%22><strong>Urheberrechtshinweis <\/strong><\/p>\n<p style=%22text-align: justify;%22>Alle Inhalte und Strukturen dieser Website sind urheber- und leistungsschutzrechtlich gesch\u00fctzt. Die Ver\u00f6ffentlichung im World Wide Web oder in sonstigen Diensten des Internet bedeutet noch keine Einverst\u00e4ndniserkl\u00e4rung f\u00fcr eine anderweitige Nutzung durch Dritte.<\/p>\n<p style=%22text-align: justify;%22>Alle innerhalb dieser Website genannten und ggf. durch Dritte gesch\u00fctzten Marken- und Warenzeichen unterliegen uneingeschr\u00e4nkt den Bestimmungen des jeweils g\u00fcltigen Kennzeichenrechts und den Besitzrechten der jeweiligen eingetragenen Eigent\u00fcmer.<\/p>\n<p style=%22text-align: justify;%22>Allein aufgrund der blo\u00dfen Nennung ist nicht der Schluss zu ziehen, dass Markenzeichen nicht durch Rechte Dritter gesch\u00fctzt sind.<\/p>\n<p style=%22text-align: justify;%22><a href=%22https:\/\/alevitentum.com%22><em>https:\/\/alevitentum.com<\/em><\/a> Alle Rechte vorbehalten.<\/p>\n<p>\u00a0<\/p>\n<p><!-- \/divi:paragraph --><\/p>\n<p><!-- divi:paragraph --><!-- \/divi:paragraph --><\/p>\n<p><!-- divi:paragraph --><!-- \/divi:paragraph --><\/p>\n<p><!-- divi:paragraph --><!-- \/divi:paragraph --><\/p>\n<p><!-- divi:paragraph --><!-- \/divi:paragraph --><\/p>\n<p><!-- divi:paragraph --><!-- \/divi:paragraph --><\/p>\n<p>\u00a0<\/p>\n<p>&#8220; content_last_edited=&#8220;on|phone&#8220; _builder_version=&#8220;4.15.1&#8243; _module_preset=&#8220;default&#8220; hover_enabled=&#8220;0&#8243; global_colors_info=&#8220;{}&#8220; sticky_enabled=&#8220;0&#8243;]<\/p>\n<p style=\"text-align: justify;\">Das Impressum gilt f\u00fcr <a href=\"https:\/\/alevitentum.com\"><strong><em>https:\/\/alevitentum.com<\/em><\/strong><\/a><\/p>\n<p style=\"text-align: justify;\"><strong>Telefon:<\/strong> +49 30 000 00 000<\/p>\n<p style=\"text-align: justify;\"><strong>E-Mail:<\/strong> <a href=\"mailto:berlin@alevitentum.com\">berlin@alevitentum.com<\/a><\/p>\n<p style=\"text-align: justify;\">Verantwortlich f\u00fcr journalistisch-redaktionelle Inhalte iSd. \u00a7 55 II RStV Inhaber <strong>Mehmet \u015eeker.<\/strong><\/p>\n<p style=\"text-align: justify;\"><strong>Haftungshinweis <\/strong><\/p>\n<p style=\"text-align: justify;\"><em><a href=\"https:\/\/alevitentum.com\">https:\/\/alevitentum.com<\/a>\u00a0<\/em>\u00fcbernimmt keine Gew\u00e4hr f\u00fcr die Richtigkeit, Vollst\u00e4ndigkeit und Aktualit\u00e4t der auf dieser Website angebotenen Informationen. In keinem Fall wird f\u00fcr Sch\u00e4den, die sich aus der Nutzung oder Nichtnutzung dieser Website ergeben, eine Haftung \u00fcbernommen.<\/p>\n<p style=\"text-align: justify;\">F\u00fcr alle auf dieser Website angebotenen externen Links, die auf fremde Websites zeigen, auf denen Inhalte angeboten werden, die von Dritten zu verantworten sind, wird keine Haftung bez\u00fcglich der Inhalte \u00fcbernommen.<\/p>\n<p style=\"text-align: justify;\"><a href=\"https:\/\/alevitentum.com\"><em>https:\/\/alevitentum.com <\/em><\/a>erkl\u00e4rt hiermit, keinerlei Einfluss auf die aktuelle und zuk\u00fcnftige Gestaltung, die Inhalte oder die Urheberschaft der verlinkten Seiten zu haben, distanziert sich hiermit ausdr\u00fccklich von s\u00e4mtlichen Inhalten aller auf unserer Website verlinkten Seiten, die nach der Linksetzung ver\u00e4ndert wurden und macht sich diese Inhalte in keinem Fall zu Eigen.<\/p>\n<p style=\"text-align: justify;\">Wir sind dankbar f\u00fcr jeden Hinweis auf bedenkliche Inhalte von Seiten, auf die mittels Link von unserer Website aus verwiesen wird.<\/p>\n<p style=\"text-align: justify;\"><strong>Urheberrechtshinweis <\/strong><\/p>\n<p style=\"text-align: justify;\">Alle Inhalte und Strukturen dieser Website sind urheber- und leistungsschutzrechtlich gesch\u00fctzt. Die Ver\u00f6ffentlichung im World Wide Web oder in sonstigen Diensten des Internet bedeutet noch keine Einverst\u00e4ndniserkl\u00e4rung f\u00fcr eine anderweitige Nutzung durch Dritte.<\/p>\n<p style=\"text-align: justify;\">Alle innerhalb dieser Website genannten und ggf. durch Dritte gesch\u00fctzten Marken- und Warenzeichen unterliegen uneingeschr\u00e4nkt den Bestimmungen des jeweils g\u00fcltigen Kennzeichenrechts und den Besitzrechten der jeweiligen eingetragenen Eigent\u00fcmer.<\/p>\n<p style=\"text-align: justify;\">Allein aufgrund der blo\u00dfen Nennung ist nicht der Schluss zu ziehen, dass Markenzeichen nicht durch Rechte Dritter gesch\u00fctzt sind.<\/p>\n<p style=\"text-align: justify;\"><a href=\"https:\/\/alevitentum.com\"><em>https:\/\/alevitentum.com<\/em><\/a> Alle Rechte vorbehalten.<\/p>\n<p>&nbsp;<\/p>\n<p><!-- \/divi:paragraph --><\/p>\n<p><!-- divi:paragraph --><!-- \/divi:paragraph --><\/p>\n<p><!-- divi:paragraph --><!-- \/divi:paragraph --><\/p>\n<p><!-- divi:paragraph --><!-- \/divi:paragraph --><\/p>\n<p><!-- divi:paragraph --><!-- \/divi:paragraph --><\/p>\n<p><!-- divi:paragraph --><!-- \/divi:paragraph --><\/p>\n<p>&nbsp;<\/p>\n<p>[\/et_pb_text][\/et_pb_column][\/et_pb_row][\/et_pb_section]<\/p>\n","protected":false},"excerpt":{"rendered":"<p>[et_pb_section fb_built=&#8220;1&#8243; _builder_version=&#8220;4.15.1&#8243; _module_preset=&#8220;default&#8220; global_colors_info=&#8220;{}&#8220;][et_pb_row _builder_version=&#8220;4.15.1&#8243; _module_preset=&#8220;default&#8220; global_colors_info=&#8220;{}&#8220;][et_pb_column type=&#8220;4_4&#8243; _builder_version=&#8220;4.15.1&#8243; _module_preset=&#8220;default&#8220; global_colors_info=&#8220;{}&#8220;][et_pb_text _builder_version=&#8220;4.15.1&#8243; _module_preset=&#8220;default&#8220; global_colors_info=&#8220;{}&#8220;] IMPRESSUM [\/et_pb_text][et_pb_text content_tablet=&#8220; Das Impressum gilt f\u00fcr https:\/\/alevitentum.com Telefon: +49 30 000 00 000 E-Mail: berlin@alevitentum.com Verantwortliche f\u00fcr journalistisch-redaktionelle Inhalte iSd. \u00a7 55 II RStV Inhaber Mehmet \u015eeker. Haftungshinweis https:\/\/alevitentum.com \u00fcbernimmt keine Gew\u00e4hr f\u00fcr die Richtigkeit, Vollst\u00e4ndigkeit und Aktualit\u00e4t der [&hellip;]<\/p>\n","protected":false},"author":1,"featured_media":0,"parent":0,"menu_order":0,"comment_status":"closed","ping_status":"closed","template":"","meta":{"footnotes":""},"class_list":["post-78","page","type-page","status-publish","hentry","no-thumb"],"_links":{"self":[{"href":"https:\/\/alevitentum.com\/index.php?rest_route=\/wp\/v2\/pages\/78","targetHints":{"allow":["GET"]}}],"collection":[{"href":"https:\/\/alevitentum.com\/index.php?rest_route=\/wp\/v2\/pages"}],"about":[{"href":"https:\/\/alevitentum.com\/index.php?rest_route=\/wp\/v2\/types\/page"}],"author":[{"embeddable":true,"href":"https:\/\/alevitentum.com\/index.php?rest_route=\/wp\/v2\/users\/1"}],"replies":[{"embeddable":true,"href":"https:\/\/alevitentum.com\/index.php?rest_route=%2Fwp%2Fv2%2Fcomments&post=78"}],"version-history":[{"count":0,"href":"https:\/\/alevitentum.com\/index.php?rest_route=\/wp\/v2\/pages\/78\/revisions"}],"wp:attachment":[{"href":"https:\/\/alevitentum.com\/index.php?rest_route=%2Fwp%2Fv2%2Fmedia&parent=78"}],"curies":[{"name":"wp","href":"https:\/\/api.w.org\/{rel}","templated":true}]}}